{"id":3,"date":"2025-02-27T09:35:51","date_gmt":"2025-02-27T09:35:51","guid":{"rendered":"https:\/\/worldracketstour.com\/?page_id=3"},"modified":"2025-03-13T16:08:28","modified_gmt":"2025-03-13T16:08:28","slug":"politique-de-confidentialite","status":"publish","type":"page","link":"https:\/\/worldracketstour.com\/en\/politique-de-confidentialite\/","title":{"rendered":"Privacy policy"},"content":{"rendered":"<div data-elementor-type=\"wp-page\" data-elementor-id=\"3\" class=\"elementor elementor-3\" data-elementor-post-type=\"page\">\n\t\t\t\t<div class=\"elementor-element elementor-element-562d43af e-flex e-con-boxed e-con e-parent\" data-id=\"562d43af\" data-element_type=\"container\" data-e-type=\"container\">\n\t\t\t\t\t<div class=\"e-con-inner\">\n\t\t\t\t<div class=\"elementor-element elementor-element-3f5acb63 elementor-widget elementor-widget-text-editor\" data-id=\"3f5acb63\" data-element_type=\"widget\" data-e-type=\"widget\" data-widget_type=\"text-editor.default\">\n\t\t\t\t<div class=\"elementor-widget-container\">\n\t\t\t\t\t\t\t\t\t<h2 class=\"wp-block-heading\">Qui sommes-nous&nbsp;?<\/h2>\n<p>L\u2019adresse de notre site est&nbsp;: https:\/\/worldracketstour.com. le world rackets tour est une marque d\u00e9tenue par la soci\u00e9t\u00e9 five sports management, domicili\u00e9e au c\/o Avocats Associ\u00e9s, Rue de Savi\u00e8se 16, 1950 SION, qui agit dans le cadre de l&rsquo;\u00e9v\u00e9nementiel sportif, le coaching et le management.<\/p>\n<h2 class=\"wp-block-heading\">M\u00e9dias<\/h2>\n<p>Si vous t\u00e9l\u00e9versez des images sur le site, nous vous conseillons d\u2019\u00e9viter de t\u00e9l\u00e9verser des images contenant des donn\u00e9es EXIF de coordonn\u00e9es GPS. Les personnes visitant votre site peuvent t\u00e9l\u00e9charger et extraire des donn\u00e9es de localisation depuis ces images.<\/p>\n<h2 class=\"wp-block-heading\">Cookies<\/h2>\n<p><span style=\"color: var( --e-global-color-text ); font-family: var( --e-global-typography-text-font-family ), Sans-serif; font-weight: var( --e-global-typography-text-font-weight ); text-transform: var( --e-global-typography-text-text-transform ); text-align: var(--text-align); font-size: 1rem;\">Si vous vous rendez sur la page de connexion, un cookie temporaire sera cr\u00e9\u00e9 afin de d\u00e9terminer si votre navigateur accepte les cookies. Il ne contient pas de donn\u00e9es personnelles et sera supprim\u00e9 automatiquement \u00e0 la fermeture de votre navigateur.<\/span><\/p>\n<p>Lorsque vous vous connecterez, nous mettrons en place un certain nombre de cookies pour enregistrer vos informations de connexion et vos pr\u00e9f\u00e9rences d\u2019\u00e9cran. La dur\u00e9e de vie d\u2019un cookie de connexion est de deux jours, celle d\u2019un cookie d\u2019option d\u2019\u00e9cran est d\u2019un an. Si vous cochez \u00ab&nbsp;Se souvenir de moi&nbsp;\u00bb, votre cookie de connexion sera conserv\u00e9 pendant deux semaines. Si vous vous d\u00e9connectez de votre compte, le cookie de connexion sera effac\u00e9.<\/p>\n<h2 class=\"wp-block-heading\">Contenu embarqu\u00e9 depuis d\u2019autres sites<\/h2>\n<p>Les articles de ce site peuvent inclure des contenus int\u00e9gr\u00e9s (par exemple des vid\u00e9os, images, articles\u2026). Le contenu int\u00e9gr\u00e9 depuis d\u2019autres sites se comporte de la m\u00eame mani\u00e8re que si le visiteur se rendait sur cet autre site.<\/p>\n<p>Ces sites web pourraient collecter des donn\u00e9es sur vous, utiliser des cookies, embarquer des outils de suivis tiers, suivre vos interactions avec ces contenus embarqu\u00e9s si vous disposez d\u2019un compte connect\u00e9 sur leur site web.<\/p>\n<h2 class=\"wp-block-heading\">Utilisation et transmission de vos donn\u00e9es personnelles<\/h2>\n<p><span style=\"font-weight: var( --e-global-typography-secondary-font-weight ); text-transform: var( --e-global-typography-text-text-transform ); text-align: var(--text-align);\">Vos donn\u00e9es sont uniquement conserv\u00e9es a des fins promotionnelles d sujet du site que vous visitez actuellement. aucun partenaire n&rsquo;a acc\u00e8s \u00e0 vos informations sans votre accord (par exemple : elles seront partag\u00e9es selon votre demande, lors d&rsquo;une demande d&rsquo;h\u00e9bergement).<\/span><\/p>\n<p><span style=\"color: var( --e-global-color-secondary ); font-family: var( --e-global-typography-secondary-font-family ), Sans-serif; font-size: var( --e-global-typography-secondary-font-size ); font-weight: var( --e-global-typography-secondary-font-weight ); text-transform: var( --e-global-typography-text-text-transform ); text-align: var(--text-align);\">Dur\u00e9es de stockage de vos donn\u00e9es<\/span><\/p>\n<p><span style=\"color: var( --e-global-color-text ); font-family: var( --e-global-typography-text-font-family ), Sans-serif; font-weight: var( --e-global-typography-text-font-weight ); text-transform: var( --e-global-typography-text-text-transform ); text-align: var(--text-align); font-size: 1rem;\">Pour les comptes qui s\u2019inscrivent sur notre site pour la newsletter ou pour s&rsquo;inscrire, nous stockons \u00e9galement les donn\u00e9es personnelles indiqu\u00e9es dans la r\u00e9servation \/ base de donn\u00e9e emailing. il est possible de se d\u00e9sinscrire de la newsletter en toute autonomie via les emails re\u00e7us.<\/span><\/p>\n<h2 class=\"wp-block-heading\">Les droits que vous avez sur vos donn\u00e9es<\/h2>\n<p>Vous pouvez demander \u00e0 recevoir un fichier contenant toutes les donn\u00e9es personnelles que nous poss\u00e9dons \u00e0 votre sujet, incluant celles que vous nous avez fournies. Vous pouvez \u00e9galement demander la suppression des donn\u00e9es personnelles vous concernant. Cela ne prend pas en compte les donn\u00e9es stock\u00e9es \u00e0 des fins administratives, l\u00e9gales ou pour des raisons de s\u00e9curit\u00e9.<\/p>\n<h2 class=\"wp-block-heading\">O\u00f9 vos donn\u00e9es sont envoy\u00e9es<\/h2>\n<p>les donnees re\u00e7ues via le site internet et email sont uniquement conserv\u00e9es dans la base de donn\u00e9es de l&rsquo;organisateur. Selon la demande re\u00e7u, le partenaire concern\u00e9 pourra recevoir des informations mais vous en serez inform\u00e9 au pr\u00e9alable.<\/p>\t\t\t\t\t\t\t\t<\/div>\n\t\t\t\t<\/div>\n\t\t\t\t\t<\/div>\n\t\t\t\t<\/div>\n\t\t\t\t<\/div>","protected":false},"excerpt":{"rendered":"<p>Qui sommes-nous&nbsp;? L\u2019adresse de notre site est&nbsp;: https:\/\/worldracketstour.com. le world rackets tour est une marque d\u00e9tenue par la soci\u00e9t\u00e9 five sports management, domicili\u00e9e au c\/o Avocats Associ\u00e9s, Rue de Savi\u00e8se 16, 1950 SION, qui agit dans le cadre de l&rsquo;\u00e9v\u00e9nementiel sportif, le coaching et le management. M\u00e9dias Si vous t\u00e9l\u00e9versez des images sur le site, [&hellip;]<\/p>\n","protected":false},"author":1,"featured_media":0,"parent":0,"menu_order":0,"comment_status":"closed","ping_status":"closed","template":"","meta":{"footnotes":""},"class_list":["post-3","page","type-page","status-publish","hentry"],"yoast_head":"<!-- This site is optimized with the Yoast SEO plugin v27.2 - https:\/\/yoast.com\/product\/yoast-seo-wordpress\/ -->\n<title>Politique de confidentialit\u00e9 - World Rackets Tour<\/title>\n<meta name=\"robots\" content=\"index, follow, max-snippet:-1, max-image-preview:large, max-video-preview:-1\" \/>\n<link rel=\"canonical\" href=\"https:\/\/worldracketstour.com\/en\/politique-de-confidentialite\/\" \/>\n<meta property=\"og:locale\" content=\"en_US\" \/>\n<meta property=\"og:type\" content=\"article\" \/>\n<meta property=\"og:title\" content=\"Politique de confidentialit\u00e9 - World Rackets Tour\" \/>\n<meta property=\"og:description\" content=\"Qui sommes-nous&nbsp;? L\u2019adresse de notre site est&nbsp;: https:\/\/worldracketstour.com. le world rackets tour est une marque d\u00e9tenue par la soci\u00e9t\u00e9 five sports management, domicili\u00e9e au c\/o Avocats Associ\u00e9s, Rue de Savi\u00e8se 16, 1950 SION, qui agit dans le cadre de l&rsquo;\u00e9v\u00e9nementiel sportif, le coaching et le management. M\u00e9dias Si vous t\u00e9l\u00e9versez des images sur le site, [&hellip;]\" \/>\n<meta property=\"og:url\" content=\"https:\/\/worldracketstour.com\/en\/politique-de-confidentialite\/\" \/>\n<meta property=\"og:site_name\" content=\"World Rackets Tour\" \/>\n<meta property=\"article:modified_time\" content=\"2025-03-13T16:08:28+00:00\" \/>\n<meta name=\"twitter:card\" content=\"summary_large_image\" \/>\n<meta name=\"twitter:label1\" content=\"Est. reading time\" \/>\n\t<meta name=\"twitter:data1\" content=\"3 minutes\" \/>\n<script type=\"application\/ld+json\" class=\"yoast-schema-graph\">{\"@context\":\"https:\/\/schema.org\",\"@graph\":[{\"@type\":\"WebPage\",\"@id\":\"https:\/\/worldracketstour.com\/politique-de-confidentialite\/\",\"url\":\"https:\/\/worldracketstour.com\/politique-de-confidentialite\/\",\"name\":\"Politique de confidentialit\u00e9 - World Rackets Tour\",\"isPartOf\":{\"@id\":\"https:\/\/worldracketstour.com\/#website\"},\"datePublished\":\"2025-02-27T09:35:51+00:00\",\"dateModified\":\"2025-03-13T16:08:28+00:00\",\"breadcrumb\":{\"@id\":\"https:\/\/worldracketstour.com\/politique-de-confidentialite\/#breadcrumb\"},\"inLanguage\":\"en-US\",\"potentialAction\":[{\"@type\":\"ReadAction\",\"target\":[\"https:\/\/worldracketstour.com\/politique-de-confidentialite\/\"]}]},{\"@type\":\"BreadcrumbList\",\"@id\":\"https:\/\/worldracketstour.com\/politique-de-confidentialite\/#breadcrumb\",\"itemListElement\":[{\"@type\":\"ListItem\",\"position\":1,\"name\":\"Accueil\",\"item\":\"https:\/\/worldracketstour.com\/\"},{\"@type\":\"ListItem\",\"position\":2,\"name\":\"Politique de confidentialit\u00e9\"}]},{\"@type\":\"WebSite\",\"@id\":\"https:\/\/worldracketstour.com\/#website\",\"url\":\"https:\/\/worldracketstour.com\/\",\"name\":\"World Rackets Tour\",\"description\":\"Tournoi de tennis padel et pickleball\",\"publisher\":{\"@id\":\"https:\/\/worldracketstour.com\/#organization\"},\"potentialAction\":[{\"@type\":\"SearchAction\",\"target\":{\"@type\":\"EntryPoint\",\"urlTemplate\":\"https:\/\/worldracketstour.com\/?s={search_term_string}\"},\"query-input\":{\"@type\":\"PropertyValueSpecification\",\"valueRequired\":true,\"valueName\":\"search_term_string\"}}],\"inLanguage\":\"en-US\"},{\"@type\":\"Organization\",\"@id\":\"https:\/\/worldracketstour.com\/#organization\",\"name\":\"World Rackets Tour\",\"url\":\"https:\/\/worldracketstour.com\/\",\"logo\":{\"@type\":\"ImageObject\",\"inLanguage\":\"en-US\",\"@id\":\"https:\/\/worldracketstour.com\/#\/schema\/logo\/image\/\",\"url\":\"https:\/\/worldracketstour.com\/wp-content\/uploads\/2025\/02\/logo_WRT_color_small.png\",\"contentUrl\":\"https:\/\/worldracketstour.com\/wp-content\/uploads\/2025\/02\/logo_WRT_color_small.png\",\"width\":237,\"height\":158,\"caption\":\"World Rackets Tour\"},\"image\":{\"@id\":\"https:\/\/worldracketstour.com\/#\/schema\/logo\/image\/\"}}]}<\/script>\n<!-- \/ Yoast SEO plugin. -->","yoast_head_json":{"title":"Politique de confidentialit\u00e9 - World Rackets Tour","robots":{"index":"index","follow":"follow","max-snippet":"max-snippet:-1","max-image-preview":"max-image-preview:large","max-video-preview":"max-video-preview:-1"},"canonical":"https:\/\/worldracketstour.com\/en\/politique-de-confidentialite\/","og_locale":"en_US","og_type":"article","og_title":"Politique de confidentialit\u00e9 - World Rackets Tour","og_description":"Qui sommes-nous&nbsp;? L\u2019adresse de notre site est&nbsp;: https:\/\/worldracketstour.com. le world rackets tour est une marque d\u00e9tenue par la soci\u00e9t\u00e9 five sports management, domicili\u00e9e au c\/o Avocats Associ\u00e9s, Rue de Savi\u00e8se 16, 1950 SION, qui agit dans le cadre de l&rsquo;\u00e9v\u00e9nementiel sportif, le coaching et le management. M\u00e9dias Si vous t\u00e9l\u00e9versez des images sur le site, [&hellip;]","og_url":"https:\/\/worldracketstour.com\/en\/politique-de-confidentialite\/","og_site_name":"World Rackets Tour","article_modified_time":"2025-03-13T16:08:28+00:00","twitter_card":"summary_large_image","twitter_misc":{"Est. reading time":"3 minutes"},"schema":{"@context":"https:\/\/schema.org","@graph":[{"@type":"WebPage","@id":"https:\/\/worldracketstour.com\/politique-de-confidentialite\/","url":"https:\/\/worldracketstour.com\/politique-de-confidentialite\/","name":"Politique de confidentialit\u00e9 - World Rackets Tour","isPartOf":{"@id":"https:\/\/worldracketstour.com\/#website"},"datePublished":"2025-02-27T09:35:51+00:00","dateModified":"2025-03-13T16:08:28+00:00","breadcrumb":{"@id":"https:\/\/worldracketstour.com\/politique-de-confidentialite\/#breadcrumb"},"inLanguage":"en-US","potentialAction":[{"@type":"ReadAction","target":["https:\/\/worldracketstour.com\/politique-de-confidentialite\/"]}]},{"@type":"BreadcrumbList","@id":"https:\/\/worldracketstour.com\/politique-de-confidentialite\/#breadcrumb","itemListElement":[{"@type":"ListItem","position":1,"name":"Accueil","item":"https:\/\/worldracketstour.com\/"},{"@type":"ListItem","position":2,"name":"Politique de confidentialit\u00e9"}]},{"@type":"WebSite","@id":"https:\/\/worldracketstour.com\/#website","url":"https:\/\/worldracketstour.com\/","name":"World Rackets Tour","description":"Tournoi de tennis padel et pickleball","publisher":{"@id":"https:\/\/worldracketstour.com\/#organization"},"potentialAction":[{"@type":"SearchAction","target":{"@type":"EntryPoint","urlTemplate":"https:\/\/worldracketstour.com\/?s={search_term_string}"},"query-input":{"@type":"PropertyValueSpecification","valueRequired":true,"valueName":"search_term_string"}}],"inLanguage":"en-US"},{"@type":"Organization","@id":"https:\/\/worldracketstour.com\/#organization","name":"World Rackets Tour","url":"https:\/\/worldracketstour.com\/","logo":{"@type":"ImageObject","inLanguage":"en-US","@id":"https:\/\/worldracketstour.com\/#\/schema\/logo\/image\/","url":"https:\/\/worldracketstour.com\/wp-content\/uploads\/2025\/02\/logo_WRT_color_small.png","contentUrl":"https:\/\/worldracketstour.com\/wp-content\/uploads\/2025\/02\/logo_WRT_color_small.png","width":237,"height":158,"caption":"World Rackets Tour"},"image":{"@id":"https:\/\/worldracketstour.com\/#\/schema\/logo\/image\/"}}]}},"_links":{"self":[{"href":"https:\/\/worldracketstour.com\/en\/wp-json\/wp\/v2\/pages\/3","targetHints":{"allow":["GET"]}}],"collection":[{"href":"https:\/\/worldracketstour.com\/en\/wp-json\/wp\/v2\/pages"}],"about":[{"href":"https:\/\/worldracketstour.com\/en\/wp-json\/wp\/v2\/types\/page"}],"author":[{"embeddable":true,"href":"https:\/\/worldracketstour.com\/en\/wp-json\/wp\/v2\/users\/1"}],"replies":[{"embeddable":true,"href":"https:\/\/worldracketstour.com\/en\/wp-json\/wp\/v2\/comments?post=3"}],"version-history":[{"count":8,"href":"https:\/\/worldracketstour.com\/en\/wp-json\/wp\/v2\/pages\/3\/revisions"}],"predecessor-version":[{"id":190,"href":"https:\/\/worldracketstour.com\/en\/wp-json\/wp\/v2\/pages\/3\/revisions\/190"}],"wp:attachment":[{"href":"https:\/\/worldracketstour.com\/en\/wp-json\/wp\/v2\/media?parent=3"}],"curies":[{"name":"wp","href":"https:\/\/api.w.org\/{rel}","templated":true}]}}