{"id":431,"date":"2025-03-18T11:23:23","date_gmt":"2025-03-18T11:23:23","guid":{"rendered":"https:\/\/worldracketstour.com\/?page_id=431"},"modified":"2026-04-06T08:09:46","modified_gmt":"2026-04-06T08:09:46","slug":"business-league","status":"publish","type":"page","link":"https:\/\/worldracketstour.com\/en\/business-league\/","title":{"rendered":"Business League"},"content":{"rendered":"<div data-elementor-type=\"wp-page\" data-elementor-id=\"431\" class=\"elementor elementor-431\" data-elementor-post-type=\"page\">\n\t\t\t\t<div class=\"elementor-element elementor-element-105e826a e-flex e-con-boxed e-con e-parent\" data-id=\"105e826a\" data-element_type=\"container\" data-e-type=\"container\" data-settings=\"{&quot;background_background&quot;:&quot;classic&quot;}\">\n\t\t\t\t\t<div class=\"e-con-inner\">\n\t\t\t\t<div class=\"elementor-element elementor-element-62f5861f elementor-widget elementor-widget-heading\" data-id=\"62f5861f\" data-element_type=\"widget\" data-e-type=\"widget\" data-widget_type=\"heading.default\">\n\t\t\t\t<div class=\"elementor-widget-container\">\n\t\t\t\t\t<h1 class=\"elementor-heading-title elementor-size-default\">Business League<\/h1>\t\t\t\t<\/div>\n\t\t\t\t<\/div>\n\t\t\t\t\t<\/div>\n\t\t\t\t<\/div>\n\t\t<div class=\"elementor-element elementor-element-3973986f e-con-full e-flex e-con e-parent\" data-id=\"3973986f\" data-element_type=\"container\" data-e-type=\"container\" data-settings=\"{&quot;background_background&quot;:&quot;classic&quot;}\">\n\t\t<div class=\"elementor-element elementor-element-360a84fb e-con-full e-flex e-con e-child\" data-id=\"360a84fb\" data-element_type=\"container\" data-e-type=\"container\">\n\t\t\t\t<div class=\"elementor-element elementor-element-2c302da7 animated-slow elementor-invisible elementor-widget elementor-widget-heading\" data-id=\"2c302da7\" data-element_type=\"widget\" data-e-type=\"widget\" data-settings=\"{&quot;_animation&quot;:&quot;slideInUp&quot;}\" data-widget_type=\"heading.default\">\n\t\t\t\t<div class=\"elementor-widget-container\">\n\t\t\t\t\t<h2 class=\"elementor-heading-title elementor-size-default\">With colleagues or customers<\/h2>\t\t\t\t<\/div>\n\t\t\t\t<\/div>\n\t\t\t\t<div class=\"elementor-element elementor-element-49e7c6ea animated-slow elementor-invisible elementor-widget elementor-widget-heading\" data-id=\"49e7c6ea\" data-element_type=\"widget\" data-e-type=\"widget\" data-settings=\"{&quot;_animation&quot;:&quot;slideInUp&quot;}\" data-widget_type=\"heading.default\">\n\t\t\t\t<div class=\"elementor-widget-container\">\n\t\t\t\t\t<h2 class=\"elementor-heading-title elementor-size-default\">Vendredi Business league<\/h2>\t\t\t\t<\/div>\n\t\t\t\t<\/div>\n\t\t<div class=\"elementor-element elementor-element-8fba9b7 e-grid e-con-full e-con e-child\" data-id=\"8fba9b7\" data-element_type=\"container\" data-e-type=\"container\">\n\t\t\t\t<div class=\"elementor-element elementor-element-9d3817f elementor-widget elementor-widget-image\" data-id=\"9d3817f\" data-element_type=\"widget\" data-e-type=\"widget\" data-widget_type=\"image.default\">\n\t\t\t\t<div class=\"elementor-widget-container\">\n\t\t\t\t\t\t\t\t\t\t\t\t\t\t\t<img fetchpriority=\"high\" decoding=\"async\" width=\"800\" height=\"600\" src=\"https:\/\/worldracketstour.com\/wp-content\/uploads\/2025\/02\/IMG-20240811-WA0015-1024x768.jpg\" class=\"attachment-large size-large wp-image-40\" alt=\"\" srcset=\"https:\/\/worldracketstour.com\/wp-content\/uploads\/2025\/02\/IMG-20240811-WA0015-1024x768.jpg 1024w, https:\/\/worldracketstour.com\/wp-content\/uploads\/2025\/02\/IMG-20240811-WA0015-300x225.jpg 300w, https:\/\/worldracketstour.com\/wp-content\/uploads\/2025\/02\/IMG-20240811-WA0015-768x576.jpg 768w, https:\/\/worldracketstour.com\/wp-content\/uploads\/2025\/02\/IMG-20240811-WA0015-1536x1152.jpg 1536w, https:\/\/worldracketstour.com\/wp-content\/uploads\/2025\/02\/IMG-20240811-WA0015.jpg 1600w\" sizes=\"(max-width: 800px) 100vw, 800px\" \/>\t\t\t\t\t\t\t\t\t\t\t\t\t\t\t<\/div>\n\t\t\t\t<\/div>\n\t\t\t\t<div class=\"elementor-element elementor-element-40d93ed1 elementor-widget elementor-widget-image\" data-id=\"40d93ed1\" data-element_type=\"widget\" data-e-type=\"widget\" data-widget_type=\"image.default\">\n\t\t\t\t<div class=\"elementor-widget-container\">\n\t\t\t\t\t\t\t\t\t\t\t\t\t\t\t<img decoding=\"async\" width=\"800\" height=\"600\" src=\"https:\/\/worldracketstour.com\/wp-content\/uploads\/2025\/04\/WhatsApp-Image-2024-04-28-a-14.48.58_c451ba84-1024x768.jpg\" class=\"attachment-large size-large wp-image-549\" alt=\"\" srcset=\"https:\/\/worldracketstour.com\/wp-content\/uploads\/2025\/04\/WhatsApp-Image-2024-04-28-a-14.48.58_c451ba84-1024x768.jpg 1024w, https:\/\/worldracketstour.com\/wp-content\/uploads\/2025\/04\/WhatsApp-Image-2024-04-28-a-14.48.58_c451ba84-300x225.jpg 300w, https:\/\/worldracketstour.com\/wp-content\/uploads\/2025\/04\/WhatsApp-Image-2024-04-28-a-14.48.58_c451ba84-768x576.jpg 768w, https:\/\/worldracketstour.com\/wp-content\/uploads\/2025\/04\/WhatsApp-Image-2024-04-28-a-14.48.58_c451ba84-1536x1152.jpg 1536w, https:\/\/worldracketstour.com\/wp-content\/uploads\/2025\/04\/WhatsApp-Image-2024-04-28-a-14.48.58_c451ba84.jpg 1600w\" sizes=\"(max-width: 800px) 100vw, 800px\" \/>\t\t\t\t\t\t\t\t\t\t\t\t\t\t\t<\/div>\n\t\t\t\t<\/div>\n\t\t\t\t<\/div>\n\t\t<div class=\"elementor-element elementor-element-7d4b64a e-con-full e-flex e-con e-child\" data-id=\"7d4b64a\" data-element_type=\"container\" data-e-type=\"container\">\n\t\t\t\t<div class=\"elementor-element elementor-element-8257e36 elementor-widget elementor-widget-heading\" data-id=\"8257e36\" data-element_type=\"widget\" data-e-type=\"widget\" data-widget_type=\"heading.default\">\n\t\t\t\t<div class=\"elementor-widget-container\">\n\t\t\t\t\t<h3 class=\"elementor-heading-title elementor-size-default\"><b>Vendredi 28.08.2026<\/b><\/h3>\t\t\t\t<\/div>\n\t\t\t\t<\/div>\n\t\t\t\t<div class=\"elementor-element elementor-element-244fdd4 elementor-widget elementor-widget-text-editor\" data-id=\"244fdd4\" data-element_type=\"widget\" data-e-type=\"widget\" data-widget_type=\"text-editor.default\">\n\t\t\t\t<div class=\"elementor-widget-container\">\n\t\t\t\t\t\t\t\t\t<p><strong>from CHF 360.00\/team (2 pers.)<\/strong><\/p><p><strong><span style=\"text-decoration: underline;\">Au programme :<\/span> <\/strong><\/p><ul><li>Rendez-vous d\u00e8s 16h00 pour d\u00e9buter notre rencontre.<\/li><li>16h30 lancement des matches par \u00e9quipe sur les courts de Verbier et entre \u00e9quipes corporate.<\/li><li>19h30 fin des matches, ap\u00e9ritif et remise de prix<\/li><li>Rendez-vous \u00e0 20h00, Apr\u00e8s l&rsquo;instant sportif place au diner gastronomique en bonne compagnie au Chalet d&rsquo;Adrien.<\/li><\/ul><p>\u00a0<\/p><p><em>C&rsquo;est le moment qu&rsquo;il vous faut pour f\u00e9d\u00e9rer, rencontrer et cr\u00e9er.<\/em><\/p>\t\t\t\t\t\t\t\t<\/div>\n\t\t\t\t<\/div>\n\t\t\t\t<\/div>\n\t\t\t\t<div class=\"elementor-element elementor-element-8afb7a1 elementor-widget elementor-widget-heading\" data-id=\"8afb7a1\" data-element_type=\"widget\" data-e-type=\"widget\" data-widget_type=\"heading.default\">\n\t\t\t\t<div class=\"elementor-widget-container\">\n\t\t\t\t\t<h3 class=\"elementor-heading-title elementor-size-default\"><b>contactez-nous pour plus d'informations<\/b><\/h3>\t\t\t\t<\/div>\n\t\t\t\t<\/div>\n\t\t<div class=\"elementor-element elementor-element-eda86b6 e-grid e-con-full e-con e-child\" data-id=\"eda86b6\" data-element_type=\"container\" data-e-type=\"container\">\n\t\t\t\t<div class=\"elementor-element elementor-element-6bd82bb1 elementor-widget elementor-widget-image\" data-id=\"6bd82bb1\" data-element_type=\"widget\" data-e-type=\"widget\" data-widget_type=\"image.default\">\n\t\t\t\t<div class=\"elementor-widget-container\">\n\t\t\t\t\t\t\t\t\t\t\t\t\t\t\t<img decoding=\"async\" width=\"800\" height=\"600\" src=\"https:\/\/worldracketstour.com\/wp-content\/uploads\/2025\/04\/Dejeuner_Ete-1024x768.jpg\" class=\"attachment-large size-large wp-image-551\" alt=\"\" srcset=\"https:\/\/worldracketstour.com\/wp-content\/uploads\/2025\/04\/Dejeuner_Ete-1024x768.jpg 1024w, https:\/\/worldracketstour.com\/wp-content\/uploads\/2025\/04\/Dejeuner_Ete-300x225.jpg 300w, https:\/\/worldracketstour.com\/wp-content\/uploads\/2025\/04\/Dejeuner_Ete-768x576.jpg 768w, https:\/\/worldracketstour.com\/wp-content\/uploads\/2025\/04\/Dejeuner_Ete-1536x1152.jpg 1536w, https:\/\/worldracketstour.com\/wp-content\/uploads\/2025\/04\/Dejeuner_Ete-2048x1536.jpg 2048w\" sizes=\"(max-width: 800px) 100vw, 800px\" \/>\t\t\t\t\t\t\t\t\t\t\t\t\t\t\t<\/div>\n\t\t\t\t<\/div>\n\t\t\t\t<div class=\"elementor-element elementor-element-bca6084 elementor-widget elementor-widget-text-editor\" data-id=\"bca6084\" data-element_type=\"widget\" data-e-type=\"widget\" data-widget_type=\"text-editor.default\">\n\t\t\t\t<div class=\"elementor-widget-container\">\n\t\t\t\t\t\t\t\t\t<p><strong>Julian vous r\u00e9pond\u00a0<\/strong><\/p><p>j.andrianoely@fivesportsmanagement.com<\/p><p>+41 79 290 14 80<\/p>\t\t\t\t\t\t\t\t<\/div>\n\t\t\t\t<\/div>\n\t\t\t\t<\/div>\n\t\t\t\t<\/div>\n\t\t\t\t<\/div>\n\t\t<div class=\"elementor-element elementor-element-634d91 e-flex e-con-boxed e-con e-parent\" data-id=\"634d91\" data-element_type=\"container\" data-e-type=\"container\" data-settings=\"{&quot;background_background&quot;:&quot;classic&quot;}\">\n\t\t\t\t\t<div class=\"e-con-inner\">\n\t\t<div class=\"elementor-element elementor-element-268e4ce3 e-flex e-con-boxed e-con e-child\" data-id=\"268e4ce3\" data-element_type=\"container\" data-e-type=\"container\">\n\t\t\t\t\t<div class=\"e-con-inner\">\n\t\t\t\t<div class=\"elementor-element elementor-element-7b1f23af animated-slow elementor-invisible elementor-widget elementor-widget-heading\" data-id=\"7b1f23af\" data-element_type=\"widget\" data-e-type=\"widget\" data-settings=\"{&quot;_animation&quot;:&quot;slideInUp&quot;}\" data-widget_type=\"heading.default\">\n\t\t\t\t<div class=\"elementor-widget-container\">\n\t\t\t\t\t<h2 class=\"elementor-heading-title elementor-size-default\">We look forward to hearing from you!<\/h2>\t\t\t\t<\/div>\n\t\t\t\t<\/div>\n\t\t\t\t<div class=\"elementor-element elementor-element-33c6d3c9 animated-slow elementor-invisible elementor-widget elementor-widget-heading\" data-id=\"33c6d3c9\" data-element_type=\"widget\" data-e-type=\"widget\" data-settings=\"{&quot;_animation&quot;:&quot;slideInUp&quot;}\" data-widget_type=\"heading.default\">\n\t\t\t\t<div class=\"elementor-widget-container\">\n\t\t\t\t\t<h2 class=\"elementor-heading-title elementor-size-default\">contact us<\/h2>\t\t\t\t<\/div>\n\t\t\t\t<\/div>\n\t\t\t\t\t<\/div>\n\t\t\t\t<\/div>\n\t\t<div class=\"elementor-element elementor-element-75fa1f43 e-con-full e-flex e-con e-child\" data-id=\"75fa1f43\" data-element_type=\"container\" data-e-type=\"container\">\n\t\t<div class=\"elementor-element elementor-element-327d5a1e e-con-full e-flex e-con e-child\" data-id=\"327d5a1e\" data-element_type=\"container\" data-e-type=\"container\">\n\t\t\t\t<div class=\"elementor-element elementor-element-23934f4 elementor-widget__width-inherit elementor-widget-divider--view-line elementor-widget elementor-widget-divider\" data-id=\"23934f4\" data-element_type=\"widget\" data-e-type=\"widget\" data-widget_type=\"divider.default\">\n\t\t\t\t<div class=\"elementor-widget-container\">\n\t\t\t\t\t\t\t<div class=\"elementor-divider\">\n\t\t\t<span class=\"elementor-divider-separator\">\n\t\t\t\t\t\t<\/span>\n\t\t<\/div>\n\t\t\t\t\t\t<\/div>\n\t\t\t\t<\/div>\n\t\t\t\t<div class=\"elementor-element elementor-element-6ae6af41 elementor-widget elementor-widget-heading\" data-id=\"6ae6af41\" data-element_type=\"widget\" data-e-type=\"widget\" data-widget_type=\"heading.default\">\n\t\t\t\t<div class=\"elementor-widget-container\">\n\t\t\t\t\t<h3 class=\"elementor-heading-title elementor-size-default\">find us Here<\/h3>\t\t\t\t<\/div>\n\t\t\t\t<\/div>\n\t\t\t\t<div class=\"elementor-element elementor-element-1ccee041 elementor-align-center elementor-icon-list--layout-traditional elementor-list-item-link-full_width elementor-widget elementor-widget-icon-list\" data-id=\"1ccee041\" data-element_type=\"widget\" data-e-type=\"widget\" data-widget_type=\"icon-list.default\">\n\t\t\t\t<div class=\"elementor-widget-container\">\n\t\t\t\t\t\t\t<ul class=\"elementor-icon-list-items\">\n\t\t\t\t\t\t\t<li class=\"elementor-icon-list-item\">\n\t\t\t\t\t\t\t\t\t\t<span class=\"elementor-icon-list-text\">Verbier<\/span>\n\t\t\t\t\t\t\t\t\t<\/li>\n\t\t\t\t\t\t<\/ul>\n\t\t\t\t\t\t<\/div>\n\t\t\t\t<\/div>\n\t\t\t\t<\/div>\n\t\t<div class=\"elementor-element elementor-element-1d0b1dfa e-con-full e-flex e-con e-child\" data-id=\"1d0b1dfa\" data-element_type=\"container\" data-e-type=\"container\">\n\t\t\t\t<div class=\"elementor-element elementor-element-1bf295d elementor-widget__width-inherit elementor-widget-divider--view-line elementor-widget elementor-widget-divider\" data-id=\"1bf295d\" data-element_type=\"widget\" data-e-type=\"widget\" data-widget_type=\"divider.default\">\n\t\t\t\t<div class=\"elementor-widget-container\">\n\t\t\t\t\t\t\t<div class=\"elementor-divider\">\n\t\t\t<span class=\"elementor-divider-separator\">\n\t\t\t\t\t\t<\/span>\n\t\t<\/div>\n\t\t\t\t\t\t<\/div>\n\t\t\t\t<\/div>\n\t\t\t\t<div class=\"elementor-element elementor-element-43b93f1e elementor-widget elementor-widget-heading\" data-id=\"43b93f1e\" data-element_type=\"widget\" data-e-type=\"widget\" data-widget_type=\"heading.default\">\n\t\t\t\t<div class=\"elementor-widget-container\">\n\t\t\t\t\t<h3 class=\"elementor-heading-title elementor-size-default\">Get In touch<\/h3>\t\t\t\t<\/div>\n\t\t\t\t<\/div>\n\t\t\t\t<div class=\"elementor-element elementor-element-3ee1825b elementor-align-center elementor-icon-list--layout-traditional elementor-list-item-link-full_width elementor-widget elementor-widget-icon-list\" data-id=\"3ee1825b\" data-element_type=\"widget\" data-e-type=\"widget\" data-widget_type=\"icon-list.default\">\n\t\t\t\t<div class=\"elementor-widget-container\">\n\t\t\t\t\t\t\t<ul class=\"elementor-icon-list-items\">\n\t\t\t\t\t\t\t<li class=\"elementor-icon-list-item\">\n\t\t\t\t\t\t\t\t\t\t\t<a href=\"mailto:info@worldracketstour.com\" target=\"_blank\">\n\n\t\t\t\t\t\t\t\t\t\t\t<span class=\"elementor-icon-list-text\">info@worldracketstour.com<\/span>\n\t\t\t\t\t\t\t\t\t\t\t<\/a>\n\t\t\t\t\t\t\t\t\t<\/li>\n\t\t\t\t\t\t<\/ul>\n\t\t\t\t\t\t<\/div>\n\t\t\t\t<\/div>\n\t\t\t\t<\/div>\n\t\t<div class=\"elementor-element elementor-element-19dbf00a e-con-full e-flex e-con e-child\" data-id=\"19dbf00a\" data-element_type=\"container\" data-e-type=\"container\">\n\t\t\t\t<div class=\"elementor-element elementor-element-4ca0fc85 elementor-widget__width-inherit elementor-widget-divider--view-line elementor-widget elementor-widget-divider\" data-id=\"4ca0fc85\" data-element_type=\"widget\" data-e-type=\"widget\" data-widget_type=\"divider.default\">\n\t\t\t\t<div class=\"elementor-widget-container\">\n\t\t\t\t\t\t\t<div class=\"elementor-divider\">\n\t\t\t<span class=\"elementor-divider-separator\">\n\t\t\t\t\t\t<\/span>\n\t\t<\/div>\n\t\t\t\t\t\t<\/div>\n\t\t\t\t<\/div>\n\t\t\t\t<div class=\"elementor-element elementor-element-54ae3804 elementor-widget elementor-widget-heading\" data-id=\"54ae3804\" data-element_type=\"widget\" data-e-type=\"widget\" data-widget_type=\"heading.default\">\n\t\t\t\t<div class=\"elementor-widget-container\">\n\t\t\t\t\t<h3 class=\"elementor-heading-title elementor-size-default\">Instagram<\/h3>\t\t\t\t<\/div>\n\t\t\t\t<\/div>\n\t\t\t\t<div class=\"elementor-element elementor-element-6983dcf9 elementor-align-center elementor-icon-list--layout-traditional elementor-list-item-link-full_width elementor-widget elementor-widget-icon-list\" data-id=\"6983dcf9\" data-element_type=\"widget\" data-e-type=\"widget\" data-widget_type=\"icon-list.default\">\n\t\t\t\t<div class=\"elementor-widget-container\">\n\t\t\t\t\t\t\t<ul class=\"elementor-icon-list-items\">\n\t\t\t\t\t\t\t<li class=\"elementor-icon-list-item\">\n\t\t\t\t\t\t\t\t\t\t\t<a href=\"https:\/\/www.instagram.com\/worldracketstour?igsh=MXc0cHVydTNzeDJwNg==\" target=\"_blank\">\n\n\t\t\t\t\t\t\t\t\t\t\t<span class=\"elementor-icon-list-text\">Follow us<\/span>\n\t\t\t\t\t\t\t\t\t\t\t<\/a>\n\t\t\t\t\t\t\t\t\t<\/li>\n\t\t\t\t\t\t<\/ul>\n\t\t\t\t\t\t<\/div>\n\t\t\t\t<\/div>\n\t\t\t\t<\/div>\n\t\t\t\t<\/div>\n\t\t\t\t\t<\/div>\n\t\t\t\t<\/div>\n\t\t\t\t<\/div>","protected":false},"excerpt":{"rendered":"<p>Business League Entre coll\u00e8gue ou avec vos clients Vendredi Business league Vendredi 28.08.2026 \u00e0 partir de CHF 360.-\/\u00e9quipe (2 pers.) Au programme : Rendez-vous d\u00e8s 16h00 pour d\u00e9buter notre rencontre. 16h30 lancement des matches par \u00e9quipe sur les courts de Verbier et entre \u00e9quipes corporate. 19h30 fin des matches, ap\u00e9ritif et remise de prix Rendez-vous [&hellip;]<\/p>\n","protected":false},"author":1,"featured_media":0,"parent":0,"menu_order":0,"comment_status":"closed","ping_status":"closed","template":"","meta":{"footnotes":""},"class_list":["post-431","page","type-page","status-publish","hentry"],"yoast_head":"<!-- This site is optimized with the Yoast SEO plugin v27.2 - https:\/\/yoast.com\/product\/yoast-seo-wordpress\/ -->\n<title>Business League - World Rackets Tour<\/title>\n<meta name=\"robots\" content=\"index, follow, max-snippet:-1, max-image-preview:large, max-video-preview:-1\" \/>\n<link rel=\"canonical\" href=\"https:\/\/worldracketstour.com\/en\/business-league\/\" \/>\n<meta property=\"og:locale\" content=\"en_US\" \/>\n<meta property=\"og:type\" content=\"article\" \/>\n<meta property=\"og:title\" content=\"Business League - World Rackets Tour\" \/>\n<meta property=\"og:description\" content=\"Business League Entre coll\u00e8gue ou avec vos clients Vendredi Business league Vendredi 28.08.2026 \u00e0 partir de CHF 360.-\/\u00e9quipe (2 pers.) Au programme : Rendez-vous d\u00e8s 16h00 pour d\u00e9buter notre rencontre. 16h30 lancement des matches par \u00e9quipe sur les courts de Verbier et entre \u00e9quipes corporate. 19h30 fin des matches, ap\u00e9ritif et remise de prix Rendez-vous [&hellip;]\" \/>\n<meta property=\"og:url\" content=\"https:\/\/worldracketstour.com\/en\/business-league\/\" \/>\n<meta property=\"og:site_name\" content=\"World Rackets Tour\" \/>\n<meta property=\"article:modified_time\" content=\"2026-04-06T08:09:46+00:00\" \/>\n<meta property=\"og:image\" content=\"https:\/\/worldracketstour.com\/wp-content\/uploads\/2025\/02\/IMG-20240811-WA0015.jpg\" \/>\n\t<meta property=\"og:image:width\" content=\"1600\" \/>\n\t<meta property=\"og:image:height\" content=\"1200\" \/>\n\t<meta property=\"og:image:type\" content=\"image\/jpeg\" \/>\n<meta name=\"twitter:card\" content=\"summary_large_image\" \/>\n<meta name=\"twitter:label1\" content=\"Est. reading time\" \/>\n\t<meta name=\"twitter:data1\" content=\"2 minutes\" \/>\n<script type=\"application\/ld+json\" class=\"yoast-schema-graph\">{\"@context\":\"https:\/\/schema.org\",\"@graph\":[{\"@type\":\"WebPage\",\"@id\":\"https:\/\/worldracketstour.com\/business-league\/\",\"url\":\"https:\/\/worldracketstour.com\/business-league\/\",\"name\":\"Business League - World Rackets Tour\",\"isPartOf\":{\"@id\":\"https:\/\/worldracketstour.com\/#website\"},\"primaryImageOfPage\":{\"@id\":\"https:\/\/worldracketstour.com\/business-league\/#primaryimage\"},\"image\":{\"@id\":\"https:\/\/worldracketstour.com\/business-league\/#primaryimage\"},\"thumbnailUrl\":\"https:\/\/worldracketstour.com\/wp-content\/uploads\/2025\/02\/IMG-20240811-WA0015-1024x768.jpg\",\"datePublished\":\"2025-03-18T11:23:23+00:00\",\"dateModified\":\"2026-04-06T08:09:46+00:00\",\"breadcrumb\":{\"@id\":\"https:\/\/worldracketstour.com\/business-league\/#breadcrumb\"},\"inLanguage\":\"en-US\",\"potentialAction\":[{\"@type\":\"ReadAction\",\"target\":[\"https:\/\/worldracketstour.com\/business-league\/\"]}]},{\"@type\":\"ImageObject\",\"inLanguage\":\"en-US\",\"@id\":\"https:\/\/worldracketstour.com\/business-league\/#primaryimage\",\"url\":\"https:\/\/worldracketstour.com\/wp-content\/uploads\/2025\/02\/IMG-20240811-WA0015-1024x768.jpg\",\"contentUrl\":\"https:\/\/worldracketstour.com\/wp-content\/uploads\/2025\/02\/IMG-20240811-WA0015-1024x768.jpg\"},{\"@type\":\"BreadcrumbList\",\"@id\":\"https:\/\/worldracketstour.com\/business-league\/#breadcrumb\",\"itemListElement\":[{\"@type\":\"ListItem\",\"position\":1,\"name\":\"Accueil\",\"item\":\"https:\/\/worldracketstour.com\/\"},{\"@type\":\"ListItem\",\"position\":2,\"name\":\"Business League\"}]},{\"@type\":\"WebSite\",\"@id\":\"https:\/\/worldracketstour.com\/#website\",\"url\":\"https:\/\/worldracketstour.com\/\",\"name\":\"World Rackets Tour\",\"description\":\"Tournoi de tennis padel et pickleball\",\"publisher\":{\"@id\":\"https:\/\/worldracketstour.com\/#organization\"},\"potentialAction\":[{\"@type\":\"SearchAction\",\"target\":{\"@type\":\"EntryPoint\",\"urlTemplate\":\"https:\/\/worldracketstour.com\/?s={search_term_string}\"},\"query-input\":{\"@type\":\"PropertyValueSpecification\",\"valueRequired\":true,\"valueName\":\"search_term_string\"}}],\"inLanguage\":\"en-US\"},{\"@type\":\"Organization\",\"@id\":\"https:\/\/worldracketstour.com\/#organization\",\"name\":\"World Rackets Tour\",\"url\":\"https:\/\/worldracketstour.com\/\",\"logo\":{\"@type\":\"ImageObject\",\"inLanguage\":\"en-US\",\"@id\":\"https:\/\/worldracketstour.com\/#\/schema\/logo\/image\/\",\"url\":\"https:\/\/worldracketstour.com\/wp-content\/uploads\/2025\/02\/logo_WRT_color_small.png\",\"contentUrl\":\"https:\/\/worldracketstour.com\/wp-content\/uploads\/2025\/02\/logo_WRT_color_small.png\",\"width\":237,\"height\":158,\"caption\":\"World Rackets Tour\"},\"image\":{\"@id\":\"https:\/\/worldracketstour.com\/#\/schema\/logo\/image\/\"}}]}<\/script>\n<!-- \/ Yoast SEO plugin. -->","yoast_head_json":{"title":"Business League - World Rackets Tour","robots":{"index":"index","follow":"follow","max-snippet":"max-snippet:-1","max-image-preview":"max-image-preview:large","max-video-preview":"max-video-preview:-1"},"canonical":"https:\/\/worldracketstour.com\/en\/business-league\/","og_locale":"en_US","og_type":"article","og_title":"Business League - World Rackets Tour","og_description":"Business League Entre coll\u00e8gue ou avec vos clients Vendredi Business league Vendredi 28.08.2026 \u00e0 partir de CHF 360.-\/\u00e9quipe (2 pers.) Au programme : Rendez-vous d\u00e8s 16h00 pour d\u00e9buter notre rencontre. 16h30 lancement des matches par \u00e9quipe sur les courts de Verbier et entre \u00e9quipes corporate. 19h30 fin des matches, ap\u00e9ritif et remise de prix Rendez-vous [&hellip;]","og_url":"https:\/\/worldracketstour.com\/en\/business-league\/","og_site_name":"World Rackets Tour","article_modified_time":"2026-04-06T08:09:46+00:00","og_image":[{"width":1600,"height":1200,"url":"https:\/\/worldracketstour.com\/wp-content\/uploads\/2025\/02\/IMG-20240811-WA0015.jpg","type":"image\/jpeg"}],"twitter_card":"summary_large_image","twitter_misc":{"Est. reading time":"2 minutes"},"schema":{"@context":"https:\/\/schema.org","@graph":[{"@type":"WebPage","@id":"https:\/\/worldracketstour.com\/business-league\/","url":"https:\/\/worldracketstour.com\/business-league\/","name":"Business League - World Rackets Tour","isPartOf":{"@id":"https:\/\/worldracketstour.com\/#website"},"primaryImageOfPage":{"@id":"https:\/\/worldracketstour.com\/business-league\/#primaryimage"},"image":{"@id":"https:\/\/worldracketstour.com\/business-league\/#primaryimage"},"thumbnailUrl":"https:\/\/worldracketstour.com\/wp-content\/uploads\/2025\/02\/IMG-20240811-WA0015-1024x768.jpg","datePublished":"2025-03-18T11:23:23+00:00","dateModified":"2026-04-06T08:09:46+00:00","breadcrumb":{"@id":"https:\/\/worldracketstour.com\/business-league\/#breadcrumb"},"inLanguage":"en-US","potentialAction":[{"@type":"ReadAction","target":["https:\/\/worldracketstour.com\/business-league\/"]}]},{"@type":"ImageObject","inLanguage":"en-US","@id":"https:\/\/worldracketstour.com\/business-league\/#primaryimage","url":"https:\/\/worldracketstour.com\/wp-content\/uploads\/2025\/02\/IMG-20240811-WA0015-1024x768.jpg","contentUrl":"https:\/\/worldracketstour.com\/wp-content\/uploads\/2025\/02\/IMG-20240811-WA0015-1024x768.jpg"},{"@type":"BreadcrumbList","@id":"https:\/\/worldracketstour.com\/business-league\/#breadcrumb","itemListElement":[{"@type":"ListItem","position":1,"name":"Accueil","item":"https:\/\/worldracketstour.com\/"},{"@type":"ListItem","position":2,"name":"Business League"}]},{"@type":"WebSite","@id":"https:\/\/worldracketstour.com\/#website","url":"https:\/\/worldracketstour.com\/","name":"World Rackets Tour","description":"Tournoi de tennis padel et pickleball","publisher":{"@id":"https:\/\/worldracketstour.com\/#organization"},"potentialAction":[{"@type":"SearchAction","target":{"@type":"EntryPoint","urlTemplate":"https:\/\/worldracketstour.com\/?s={search_term_string}"},"query-input":{"@type":"PropertyValueSpecification","valueRequired":true,"valueName":"search_term_string"}}],"inLanguage":"en-US"},{"@type":"Organization","@id":"https:\/\/worldracketstour.com\/#organization","name":"World Rackets Tour","url":"https:\/\/worldracketstour.com\/","logo":{"@type":"ImageObject","inLanguage":"en-US","@id":"https:\/\/worldracketstour.com\/#\/schema\/logo\/image\/","url":"https:\/\/worldracketstour.com\/wp-content\/uploads\/2025\/02\/logo_WRT_color_small.png","contentUrl":"https:\/\/worldracketstour.com\/wp-content\/uploads\/2025\/02\/logo_WRT_color_small.png","width":237,"height":158,"caption":"World Rackets Tour"},"image":{"@id":"https:\/\/worldracketstour.com\/#\/schema\/logo\/image\/"}}]}},"_links":{"self":[{"href":"https:\/\/worldracketstour.com\/en\/wp-json\/wp\/v2\/pages\/431","targetHints":{"allow":["GET"]}}],"collection":[{"href":"https:\/\/worldracketstour.com\/en\/wp-json\/wp\/v2\/pages"}],"about":[{"href":"https:\/\/worldracketstour.com\/en\/wp-json\/wp\/v2\/types\/page"}],"author":[{"embeddable":true,"href":"https:\/\/worldracketstour.com\/en\/wp-json\/wp\/v2\/users\/1"}],"replies":[{"embeddable":true,"href":"https:\/\/worldracketstour.com\/en\/wp-json\/wp\/v2\/comments?post=431"}],"version-history":[{"count":49,"href":"https:\/\/worldracketstour.com\/en\/wp-json\/wp\/v2\/pages\/431\/revisions"}],"predecessor-version":[{"id":916,"href":"https:\/\/worldracketstour.com\/en\/wp-json\/wp\/v2\/pages\/431\/revisions\/916"}],"wp:attachment":[{"href":"https:\/\/worldracketstour.com\/en\/wp-json\/wp\/v2\/media?parent=431"}],"curies":[{"name":"wp","href":"https:\/\/api.w.org\/{rel}","templated":true}]}}